{"id":360,"date":"2018-05-17T11:28:54","date_gmt":"2018-05-17T09:28:54","guid":{"rendered":"https:\/\/by-rita.com?page_id=360"},"modified":"2018-09-27T20:16:54","modified_gmt":"2018-09-27T18:16:54","slug":"mineral-toucher-durete-souplesse-de-terre-solidite-puissance-atteindre-leternite","status":"publish","type":"page","link":"https:\/\/by-rita.com\/en\/sculpture-ceramique-contemporaine\/mineral-toucher-durete-souplesse-de-terre-solidite-puissance-atteindre-leternite\/","title":{"rendered":"Mineral: Feel the rough and smooth of the earth, its strength, its power\u00a0 this quest for eternity \u2026"},"content":{"rendered":"<p>[vc_row][vc_column][vc_masonry_media_grid element_width=&#8221;3&#8243; item=&#8221;419&#8243; grid_id=&#8221;vc_gid:1538070746545-09b653e5-9864-2&#8243; include=&#8221;362,363,364,365,367,370,366,368,369,372,371&#8243;][\/vc_column][\/vc_row]<\/p>\n","protected":false},"excerpt":{"rendered":"<p>[vc_row][vc_column][vc_masonry_media_grid element_width=&#8221;3&#8243; item=&#8221;419&#8243; grid_id=&#8221;vc_gid:1538070746545-09b653e5-9864-2&#8243; include=&#8221;362,363,364,365,367,370,366,368,369,372,371&#8243;][\/vc_column][\/vc_row]<\/p>\n","protected":false},"author":1,"featured_media":363,"parent":153,"menu_order":0,"comment_status":"closed","ping_status":"closed","template":"","meta":[],"yoast_head":"<!-- This site is optimized with the Yoast SEO plugin v20.8 - https:\/\/yoast.com\/wordpress\/plugins\/seo\/ -->\n<title>Mineral: Feel the rough and smooth of the earth, its strength, its power\u00a0 this quest for eternity \u2026 - Pascale Morin<\/title>\n<meta name=\"description\" content=\"Toucher la duret\u00e9 et la souplesse de la terre, sa solidit\u00e9, sa puissance, atteindre l\u2019\u00e9ternit\u00e9\u2026\" \/>\n<meta name=\"robots\" content=\"index, follow, max-snippet:-1, max-image-preview:large, max-video-preview:-1\" \/>\n<link rel=\"canonical\" href=\"https:\/\/by-rita.com\/en\/sculpture-ceramique-contemporaine\/mineral-toucher-durete-souplesse-de-terre-solidite-puissance-atteindre-leternite\/\" \/>\n<meta property=\"og:locale\" content=\"en_US\" \/>\n<meta property=\"og:type\" content=\"article\" \/>\n<meta property=\"og:title\" content=\"Mineral: Feel the rough and smooth of the earth, its strength, its power\u00a0 this quest for eternity \u2026\" \/>\n<meta property=\"og:description\" content=\"Toucher la duret\u00e9 et la souplesse de la terre, sa solidit\u00e9, sa puissance, atteindre l\u2019\u00e9ternit\u00e9\u2026\" \/>\n<meta property=\"og:url\" content=\"https:\/\/by-rita.com\/en\/sculpture-ceramique-contemporaine\/mineral-toucher-durete-souplesse-de-terre-solidite-puissance-atteindre-leternite\/\" \/>\n<meta property=\"og:site_name\" content=\"Pascale Morin\" \/>\n<meta property=\"article:modified_time\" content=\"2018-09-27T18:16:54+00:00\" \/>\n<meta property=\"og:image\" content=\"https:\/\/by-rita.com\/wp-content\/uploads\/2018\/05\/pascale-morin-by-rita-sculpture-porcelaine-Coquille-mineral-.jpg\" \/>\n\t<meta property=\"og:image:width\" content=\"1024\" \/>\n\t<meta property=\"og:image:height\" content=\"783\" \/>\n\t<meta property=\"og:image:type\" content=\"image\/jpeg\" \/>\n<meta name=\"twitter:card\" content=\"summary_large_image\" \/>\n<script type=\"application\/ld+json\" class=\"yoast-schema-graph\">{\"@context\":\"https:\/\/schema.org\",\"@graph\":[{\"@type\":\"WebPage\",\"@id\":\"https:\/\/by-rita.com\/en\/sculpture-ceramique-contemporaine\/mineral-toucher-durete-souplesse-de-terre-solidite-puissance-atteindre-leternite\/\",\"url\":\"https:\/\/by-rita.com\/en\/sculpture-ceramique-contemporaine\/mineral-toucher-durete-souplesse-de-terre-solidite-puissance-atteindre-leternite\/\",\"name\":\"[:en]Mineral: Feel the rough and smooth of the earth, its strength, its power\u00a0 this quest for eternity \u2026[:fr]Min\u00e9ral : Toucher la duret\u00e9 et la souplesse de la terre, sa solidit\u00e9, sa puissance, atteindre l\u2019\u00e9ternit\u00e9\u2026[:] - Pascale Morin\",\"isPartOf\":{\"@id\":\"https:\/\/by-rita.com\/#website\"},\"datePublished\":\"2018-05-17T09:28:54+00:00\",\"dateModified\":\"2018-09-27T18:16:54+00:00\",\"description\":\"Toucher la duret\u00e9 et la souplesse de la terre, sa solidit\u00e9, sa puissance, atteindre l\u2019\u00e9ternit\u00e9\u2026\",\"breadcrumb\":{\"@id\":\"https:\/\/by-rita.com\/en\/sculpture-ceramique-contemporaine\/mineral-toucher-durete-souplesse-de-terre-solidite-puissance-atteindre-leternite\/#breadcrumb\"},\"inLanguage\":\"en-US\",\"potentialAction\":[{\"@type\":\"ReadAction\",\"target\":[\"https:\/\/by-rita.com\/en\/sculpture-ceramique-contemporaine\/mineral-toucher-durete-souplesse-de-terre-solidite-puissance-atteindre-leternite\/\"]}]},{\"@type\":\"BreadcrumbList\",\"@id\":\"https:\/\/by-rita.com\/en\/sculpture-ceramique-contemporaine\/mineral-toucher-durete-souplesse-de-terre-solidite-puissance-atteindre-leternite\/#breadcrumb\",\"itemListElement\":[{\"@type\":\"ListItem\",\"position\":1,\"name\":\"Accueil\",\"item\":\"https:\/\/by-rita.com\/en\/\"},{\"@type\":\"ListItem\",\"position\":2,\"name\":\"Cr\u00e9ations\",\"item\":\"https:\/\/by-rita.com\/en\/sculpture-ceramique-contemporaine\/\"},{\"@type\":\"ListItem\",\"position\":3,\"name\":\"Mineral: Feel the rough and smooth of the earth, its strength, its power\u00a0 this quest for eternity \u2026\"}]},{\"@type\":\"WebSite\",\"@id\":\"https:\/\/by-rita.com\/#website\",\"url\":\"https:\/\/by-rita.com\/\",\"name\":\"Pascale Morin\",\"description\":\"By Rita <br> sculptures porcelaine\",\"publisher\":{\"@id\":\"https:\/\/by-rita.com\/#organization\"},\"potentialAction\":[{\"@type\":\"SearchAction\",\"target\":{\"@type\":\"EntryPoint\",\"urlTemplate\":\"https:\/\/by-rita.com\/?s={search_term_string}\"},\"query-input\":\"required name=search_term_string\"}],\"inLanguage\":\"en-US\"},{\"@type\":\"Organization\",\"@id\":\"https:\/\/by-rita.com\/#organization\",\"name\":\"Pascale Morin\",\"url\":\"https:\/\/by-rita.com\/\",\"logo\":{\"@type\":\"ImageObject\",\"inLanguage\":\"en-US\",\"@id\":\"https:\/\/by-rita.com\/#\/schema\/logo\/image\/\",\"url\":\"https:\/\/by-rita.com\/wp-content\/uploads\/2018\/05\/logo-pascale-morin-2018-horizontal-site-internet.jpg\",\"contentUrl\":\"https:\/\/by-rita.com\/wp-content\/uploads\/2018\/05\/logo-pascale-morin-2018-horizontal-site-internet.jpg\",\"width\":456,\"height\":130,\"caption\":\"Pascale Morin\"},\"image\":{\"@id\":\"https:\/\/by-rita.com\/#\/schema\/logo\/image\/\"}}]}<\/script>\n<!-- \/ Yoast SEO plugin. -->","yoast_head_json":{"title":"Mineral: Feel the rough and smooth of the earth, its strength, its power\u00a0 this quest for eternity \u2026 - Pascale Morin","description":"Toucher la duret\u00e9 et la souplesse de la terre, sa solidit\u00e9, sa puissance, atteindre l\u2019\u00e9ternit\u00e9\u2026","robots":{"index":"index","follow":"follow","max-snippet":"max-snippet:-1","max-image-preview":"max-image-preview:large","max-video-preview":"max-video-preview:-1"},"canonical":"https:\/\/by-rita.com\/en\/sculpture-ceramique-contemporaine\/mineral-toucher-durete-souplesse-de-terre-solidite-puissance-atteindre-leternite\/","og_locale":"en_US","og_type":"article","og_title":"[:en]Mineral: Feel the rough and smooth of the earth, its strength, its power\u00a0 this quest for eternity \u2026[:fr]Min\u00e9ral : Toucher la duret\u00e9 et la souplesse de la terre, sa solidit\u00e9, sa puissance, atteindre l\u2019\u00e9ternit\u00e9\u2026[:] - Pascale Morin","og_description":"Toucher la duret\u00e9 et la souplesse de la terre, sa solidit\u00e9, sa puissance, atteindre l\u2019\u00e9ternit\u00e9\u2026","og_url":"https:\/\/by-rita.com\/en\/sculpture-ceramique-contemporaine\/mineral-toucher-durete-souplesse-de-terre-solidite-puissance-atteindre-leternite\/","og_site_name":"Pascale Morin","article_modified_time":"2018-09-27T18:16:54+00:00","og_image":[{"width":1024,"height":783,"url":"https:\/\/by-rita.com\/wp-content\/uploads\/2018\/05\/pascale-morin-by-rita-sculpture-porcelaine-Coquille-mineral-.jpg","type":"image\/jpeg"}],"twitter_card":"summary_large_image","schema":{"@context":"https:\/\/schema.org","@graph":[{"@type":"WebPage","@id":"https:\/\/by-rita.com\/en\/sculpture-ceramique-contemporaine\/mineral-toucher-durete-souplesse-de-terre-solidite-puissance-atteindre-leternite\/","url":"https:\/\/by-rita.com\/en\/sculpture-ceramique-contemporaine\/mineral-toucher-durete-souplesse-de-terre-solidite-puissance-atteindre-leternite\/","name":"[:en]Mineral: Feel the rough and smooth of the earth, its strength, its power\u00a0 this quest for eternity \u2026[:fr]Min\u00e9ral : Toucher la duret\u00e9 et la souplesse de la terre, sa solidit\u00e9, sa puissance, atteindre l\u2019\u00e9ternit\u00e9\u2026[:] - Pascale Morin","isPartOf":{"@id":"https:\/\/by-rita.com\/#website"},"datePublished":"2018-05-17T09:28:54+00:00","dateModified":"2018-09-27T18:16:54+00:00","description":"Toucher la duret\u00e9 et la souplesse de la terre, sa solidit\u00e9, sa puissance, atteindre l\u2019\u00e9ternit\u00e9\u2026","breadcrumb":{"@id":"https:\/\/by-rita.com\/en\/sculpture-ceramique-contemporaine\/mineral-toucher-durete-souplesse-de-terre-solidite-puissance-atteindre-leternite\/#breadcrumb"},"inLanguage":"en-US","potentialAction":[{"@type":"ReadAction","target":["https:\/\/by-rita.com\/en\/sculpture-ceramique-contemporaine\/mineral-toucher-durete-souplesse-de-terre-solidite-puissance-atteindre-leternite\/"]}]},{"@type":"BreadcrumbList","@id":"https:\/\/by-rita.com\/en\/sculpture-ceramique-contemporaine\/mineral-toucher-durete-souplesse-de-terre-solidite-puissance-atteindre-leternite\/#breadcrumb","itemListElement":[{"@type":"ListItem","position":1,"name":"Accueil","item":"https:\/\/by-rita.com\/en\/"},{"@type":"ListItem","position":2,"name":"Cr\u00e9ations","item":"https:\/\/by-rita.com\/en\/sculpture-ceramique-contemporaine\/"},{"@type":"ListItem","position":3,"name":"Mineral: Feel the rough and smooth of the earth, its strength, its power\u00a0 this quest for eternity \u2026"}]},{"@type":"WebSite","@id":"https:\/\/by-rita.com\/#website","url":"https:\/\/by-rita.com\/","name":"Pascale Morin","description":"By Rita <br> sculptures porcelaine","publisher":{"@id":"https:\/\/by-rita.com\/#organization"},"potentialAction":[{"@type":"SearchAction","target":{"@type":"EntryPoint","urlTemplate":"https:\/\/by-rita.com\/?s={search_term_string}"},"query-input":"required name=search_term_string"}],"inLanguage":"en-US"},{"@type":"Organization","@id":"https:\/\/by-rita.com\/#organization","name":"Pascale Morin","url":"https:\/\/by-rita.com\/","logo":{"@type":"ImageObject","inLanguage":"en-US","@id":"https:\/\/by-rita.com\/#\/schema\/logo\/image\/","url":"https:\/\/by-rita.com\/wp-content\/uploads\/2018\/05\/logo-pascale-morin-2018-horizontal-site-internet.jpg","contentUrl":"https:\/\/by-rita.com\/wp-content\/uploads\/2018\/05\/logo-pascale-morin-2018-horizontal-site-internet.jpg","width":456,"height":130,"caption":"Pascale Morin"},"image":{"@id":"https:\/\/by-rita.com\/#\/schema\/logo\/image\/"}}]}},"_links":{"self":[{"href":"https:\/\/by-rita.com\/en\/wp-json\/wp\/v2\/pages\/360"}],"collection":[{"href":"https:\/\/by-rita.com\/en\/wp-json\/wp\/v2\/pages"}],"about":[{"href":"https:\/\/by-rita.com\/en\/wp-json\/wp\/v2\/types\/page"}],"author":[{"embeddable":true,"href":"https:\/\/by-rita.com\/en\/wp-json\/wp\/v2\/users\/1"}],"replies":[{"embeddable":true,"href":"https:\/\/by-rita.com\/en\/wp-json\/wp\/v2\/comments?post=360"}],"version-history":[{"count":9,"href":"https:\/\/by-rita.com\/en\/wp-json\/wp\/v2\/pages\/360\/revisions"}],"predecessor-version":[{"id":749,"href":"https:\/\/by-rita.com\/en\/wp-json\/wp\/v2\/pages\/360\/revisions\/749"}],"up":[{"embeddable":true,"href":"https:\/\/by-rita.com\/en\/wp-json\/wp\/v2\/pages\/153"}],"wp:featuredmedia":[{"embeddable":true,"href":"https:\/\/by-rita.com\/en\/wp-json\/wp\/v2\/media\/363"}],"wp:attachment":[{"href":"https:\/\/by-rita.com\/en\/wp-json\/wp\/v2\/media?parent=360"}],"curies":[{"name":"wp","href":"https:\/\/api.w.org\/{rel}","templated":true}]}}