{"id":1808,"date":"2024-07-08T17:28:14","date_gmt":"2024-07-08T15:28:14","guid":{"rendered":"https:\/\/by-rita.com\/?page_id=1808"},"modified":"2024-07-18T18:44:43","modified_gmt":"2024-07-18T16:44:43","slug":"les-artistes-de-la-cote","status":"publish","type":"page","link":"https:\/\/by-rita.com\/en\/les-artistes-de-la-cote\/","title":{"rendered":"Les Artistes de la C\u00f4te"},"content":{"rendered":"<p>[vc_row][vc_column][vc_empty_space height=&#8221;50px&#8221;][vc_column_text]<\/p>\n<h1><strong>LES ARTISTES DE LA C\u00d4TE<\/strong><\/h1>\n<p>[\/vc_column_text][\/vc_column][\/vc_row][vc_row][vc_column width=&#8221;1\/2&#8243; css=&#8221;.vc_custom_1720517044552{padding-right: 10% !important;}&#8221;][vc_single_image image=&#8221;1825&#8243; img_size=&#8221;498&#215;700&#8243;][\/vc_column][vc_column width=&#8221;1\/2&#8243; css=&#8221;.vc_custom_1720517141626{padding-top: 10% !important;padding-left: 10% !important;}&#8221;][vc_column_text]Nous sommes cinq amis artistes professionnels &#8211;\u00a0 graveurs taille-douce, c\u00e9ramiste, plasticienne, linograveuse &#8211; qui se sont r\u00e9unis pour cr\u00e9er<br \/>\nponctuellement des \u00e9v\u00e8nements artistiques tout a u long de l&#8217;ann\u00e9e.<br \/>\nNotre objectif est de faire d\u00e9couvrir et de partager nos vies d&#8217;artistes, et de participer ainsi \u00e0 la dynamique de notre r\u00e9gion, le Tr\u00e9gor Go\u00eblo.<\/p>\n<p>C&#8217;est ainsi qu&#8217;est n\u00e9 le groupe \u00ab <strong>LES ARTISTES DE LA C\u00d4TE<\/strong> \u00bb, et pour commencer :<\/p>\n<h2><strong>la Saison 1 &#8211; Retour de plage<\/strong><br \/>\n<strong>Les 5 \u00e0 7 artistiques &#038; curieux de l&#8217;\u00e9t\u00e9&#8230;<\/strong><\/h2>\n<p>[\/vc_column_text][vc_column_text]Rendez-nous visite et d\u00e9couvrez nos ateliers tous les mardis et jeudis des mois de Juillet et Ao\u00fbt, de 17h \u00e0 19h.[\/vc_column_text][vc_row_inner][vc_column_inner width=&#8221;3\/4&#8243;][vc_column_text]<a href=\"https:\/\/by-rita.com\/wp-content\/uploads\/2024\/07\/Flyer-Retour-de-plage-2024-web.pdf\" target=\"_blank\" rel=\"noopener\">T\u00e9l\u00e9chargez notre flyer avec le planning<\/a>[\/vc_column_text][\/vc_column_inner][vc_column_inner width=&#8221;1\/4&#8243;][vc_single_image image=&#8221;1825&#8243; onclick=&#8221;custom_link&#8221; img_link_target=&#8221;_blank&#8221; link=&#8221;https:\/\/by-rita.com\/wp-content\/uploads\/2024\/07\/Flyer-Retour-de-plage-2024-web.pdf&#8221;][\/vc_column_inner][\/vc_row_inner][vc_row_inner][vc_column_inner width=&#8221;3\/4&#8243;][vc_column_text]<a href=\"https:\/\/by-rita.com\/wp-content\/uploads\/2024\/07\/Les-Artistes-de-la-Cote_Edition-Retour-de-plage_100724.pdf\" target=\"_blank\" rel=\"noopener\">Et notre dossier de presse pour faire connaissance avec les Artistes de la C\u00f4te<\/a> ![\/vc_column_text][\/vc_column_inner][vc_column_inner width=&#8221;1\/4&#8243;][vc_single_image image=&#8221;1861&#8243; onclick=&#8221;custom_link&#8221; img_link_target=&#8221;_blank&#8221; link=&#8221;https:\/\/by-rita.com\/wp-content\/uploads\/2024\/07\/Les-Artistes-de-la-Cote_Edition-Retour-de-plage_100724.pdf&#8221;][\/vc_column_inner][\/vc_row_inner][\/vc_column][\/vc_row][vc_row][vc_column][vc_empty_space][\/vc_column][\/vc_row][vc_row][vc_column width=&#8221;1\/2&#8243;][vc_single_image image=&#8221;1838&#8243; img_size=&#8221;large&#8221;][\/vc_column][vc_column width=&#8221;1\/2&#8243;][vc_single_image image=&#8221;1839&#8243; img_size=&#8221;large&#8221;][\/vc_column][\/vc_row][vc_row][vc_column][vc_empty_space][\/vc_column][\/vc_row][vc_row][vc_column width=&#8221;1\/2&#8243;][vc_row_inner][vc_column_inner width=&#8221;1\/4&#8243;][vc_single_image image=&#8221;1844&#8243;][\/vc_column_inner][vc_column_inner width=&#8221;3\/4&#8243;][vc_column_text]PASCALE MORIN &#8211; C\u00c9RAMISTE-SCULPTURE<br \/>\n<span style=\"text-decoration: underline;\">Adresse<\/span><br \/>\nLa Retenue de Lizandr\u00e9 &#8211; 22 580 Plouha<br \/>\nMobile: 06 81 91 80 5 2<br \/>\nSite web : <a href=\"https:\/\/www.by-rita.com\" target=\"_blank\" rel=\"noopener\">www.by-rita.com<\/a><br \/>\nInstagram: <a href=\"https:\/\/instagram.com\/pascalemorin.by.rita\" target=\"_blank\" rel=\"noopener\">@pascalemorin.by.rita<\/a>[\/vc_column_text][\/vc_column_inner][\/vc_row_inner][\/vc_column][vc_column width=&#8221;1\/2&#8243;][vc_row_inner][vc_column_inner width=&#8221;1\/4&#8243;][vc_single_image image=&#8221;1842&#8243;][\/vc_column_inner][vc_column_inner width=&#8221;3\/4&#8243;][vc_column_text]LAMOUFLETTE &#8211; LINOGRAVURE &#8211; ILLUSTRATION &#8211; SIGNAL\u00c9TIQUE PEINTE<br \/>\n<span style=\"text-decoration: underline;\">Adresse<\/span><br \/>\n7 Keregal &#8211; 22 580 Plouha<br \/>\nMobile: 06 51 76 97 30<br \/>\nSite web :\u00a0 <a href=\"https:\/\/www.lamouflette.fezi.fr\" target=\"_blank\" rel=\"noopener\">www.lamouflette.fezi.fr<\/a><br \/>\nInstagram: <a href=\"https:\/\/instagram.com\/la.mouflette\" target=\"_blank\" rel=\"noopener\">@la.mouflette<\/a>[\/vc_column_text][\/vc_column_inner][\/vc_row_inner][\/vc_column][\/vc_row][vc_row][vc_column width=&#8221;1\/2&#8243;][vc_row_inner][vc_column_inner width=&#8221;1\/4&#8243;][vc_single_image image=&#8221;1841&#8243;][\/vc_column_inner][vc_column_inner width=&#8221;3\/4&#8243;][vc_column_text]EMMANUEL GATTI &#8211;\u00a0 GRAVEUR TAILLE-DOUCE<br \/>\n<span style=\"text-decoration: underline;\">Adresse<\/span><br \/>\nAtelier : Rue des sports &#8211; Pl\u00e9h\u00e9del 22 290<br \/>\n\u00e0 gauche de la pharmacie, portail bleu c\u00f4t\u00e9 gauche.<br \/>\nMobile: 06 83 09 29 39<br \/>\nInstagram: <a href=\"https:\/\/instagram.com\/emmanuelg760\" target=\"_blank\" rel=\"noopener\">@emmanuelg760<\/a>[\/vc_column_text][\/vc_column_inner][\/vc_row_inner][\/vc_column][vc_column width=&#8221;1\/2&#8243;][vc_row_inner][vc_column_inner width=&#8221;1\/4&#8243;][vc_single_image image=&#8221;1843&#8243;][\/vc_column_inner][vc_column_inner width=&#8221;3\/4&#8243;][vc_column_text]MARYANICK RICART &#8211; ESTAMPE\/ GRAVURE<br \/>\n<span style=\"text-decoration: underline;\">Adresse<\/span><br \/>\nAtelier Point d&#8217;Encrage<br \/>\n3, rue de la Chapelle Saint-Riom &#8211; 22 470 Plou\u00e9zec<br \/>\nMobile : 06 43 73 99 36<br \/>\nSite web: <a href=\"https:\/\/www.maryanick-ricart.fr\" target=\"_blank\" rel=\"noopener\">www.maryanick-ricart.fr<\/a><br \/>\nInstagram: <a href=\"https:\/\/instagram.com\/maryanick_ricart_estampe\" target=\"_blank\" rel=\"noopener\">@maryanick_ricart_estampe<\/a>[\/vc_column_text][\/vc_column_inner][\/vc_row_inner][\/vc_column][\/vc_row][vc_row][vc_column width=&#8221;1\/2&#8243;][vc_row_inner][vc_column_inner width=&#8221;1\/4&#8243;][vc_single_image image=&#8221;1840&#8243;][\/vc_column_inner][vc_column_inner width=&#8221;3\/4&#8243;][vc_column_text]DOMINIQUE POTARD &#8211; ART TEXTILE<br \/>\n<span style=\"text-decoration: underline;\">Adresse<\/span><br \/>\n5, rue Stang Vras &#8211; 22 580 Plouha<br \/>\nMobile : 06 76 70 31 74<br \/>\nSite web: <a href=\"http:\/\/dominiquepotard.com\" target=\"_blank\" rel=\"noopener\">dominiquepotard.com<\/a><br \/>\nInstagram: <a href=\"https:\/\/instagram.com\/dominiquepotard\" target=\"_blank\" rel=\"noopener\">@dominiquepotard<\/a>[\/vc_column_text][\/vc_column_inner][\/vc_row_inner][\/vc_column][vc_column width=&#8221;1\/2&#8243;][vc_single_image image=&#8221;1851&#8243; img_size=&#8221;medium&#8221; alignment=&#8221;center&#8221;][\/vc_column][\/vc_row]<\/p>\n","protected":false},"excerpt":{"rendered":"<p>[vc_row][vc_column][vc_empty_space height=&#8221;50px&#8221;][vc_column_text] LES ARTISTES DE LA C\u00d4TE [\/vc_column_text][\/vc_column][\/vc_row][vc_row][vc_column width=&#8221;1\/2&#8243; css=&#8221;.vc_custom_1720517044552{padding-right: 10% !important;}&#8221;][vc_single_image image=&#8221;1825&#8243; img_size=&#8221;498&#215;700&#8243;][\/vc_column][vc_column width=&#8221;1\/2&#8243; css=&#8221;.vc_custom_1720517141626{padding-top: 10% !important;padding-left: 10% !important;}&#8221;][vc_column_text]Nous sommes cinq amis artistes professionnels &#8211;\u00a0 graveurs taille-douce, c\u00e9ramiste, plasticienne, linograveuse &#8211; qui se sont r\u00e9unis pour cr\u00e9er ponctuellement des \u00e9v\u00e8nements artistiques tout a u long de l&#8217;ann\u00e9e. Notre objectif est de faire d\u00e9couvrir et <a class=\"read-more\" href=\"https:\/\/by-rita.com\/en\/les-artistes-de-la-cote\/\">Read More<\/a><\/p>\n","protected":false},"author":1,"featured_media":0,"parent":0,"menu_order":0,"comment_status":"closed","ping_status":"closed","template":"","meta":[],"yoast_head":"<!-- This site is optimized with the Yoast SEO plugin v20.8 - https:\/\/yoast.com\/wordpress\/plugins\/seo\/ -->\n<title>Les Artistes de la C\u00f4te - Pascale Morin<\/title>\n<meta name=\"robots\" content=\"index, follow, max-snippet:-1, max-image-preview:large, max-video-preview:-1\" \/>\n<link rel=\"canonical\" href=\"https:\/\/by-rita.com\/les-artistes-de-la-cote\/\" \/>\n<meta property=\"og:locale\" content=\"en_US\" \/>\n<meta property=\"og:type\" content=\"article\" \/>\n<meta property=\"og:title\" content=\"Les Artistes de la C\u00f4te\" \/>\n<meta property=\"og:description\" content=\"[vc_row][vc_column][vc_empty_space height=&#8221;50px&#8221;][vc_column_text] LES ARTISTES DE LA C\u00d4TE [\/vc_column_text][\/vc_column][\/vc_row][vc_row][vc_column width=&#8221;1\/2&#8243; css=&#8221;.vc_custom_1720517044552{padding-right: 10% !important;}&#8221;][vc_single_image image=&#8221;1825&#8243; img_size=&#8221;498&#215;700&#8243;][\/vc_column][vc_column width=&#8221;1\/2&#8243; css=&#8221;.vc_custom_1720517141626{padding-top: 10% !important;padding-left: 10% !important;}&#8221;][vc_column_text]Nous sommes cinq amis artistes professionnels &#8211;\u00a0 graveurs taille-douce, c\u00e9ramiste, plasticienne, linograveuse &#8211; qui se sont r\u00e9unis pour cr\u00e9er ponctuellement des \u00e9v\u00e8nements artistiques tout a u long de l&#8217;ann\u00e9e. Notre objectif est de faire d\u00e9couvrir et Read More\" \/>\n<meta property=\"og:url\" content=\"https:\/\/by-rita.com\/les-artistes-de-la-cote\/\" \/>\n<meta property=\"og:site_name\" content=\"Pascale Morin\" \/>\n<meta property=\"article:modified_time\" content=\"2024-07-18T16:44:43+00:00\" \/>\n<meta name=\"twitter:card\" content=\"summary_large_image\" \/>\n<meta name=\"twitter:label1\" content=\"Est. reading time\" \/>\n\t<meta name=\"twitter:data1\" content=\"2 minutes\" \/>\n<script type=\"application\/ld+json\" class=\"yoast-schema-graph\">{\"@context\":\"https:\/\/schema.org\",\"@graph\":[{\"@type\":\"WebPage\",\"@id\":\"https:\/\/by-rita.com\/les-artistes-de-la-cote\/\",\"url\":\"https:\/\/by-rita.com\/les-artistes-de-la-cote\/\",\"name\":\"[:fr]Les Artistes de la C\u00f4te[:] - Pascale Morin\",\"isPartOf\":{\"@id\":\"https:\/\/by-rita.com\/#website\"},\"datePublished\":\"2024-07-08T15:28:14+00:00\",\"dateModified\":\"2024-07-18T16:44:43+00:00\",\"breadcrumb\":{\"@id\":\"https:\/\/by-rita.com\/les-artistes-de-la-cote\/#breadcrumb\"},\"inLanguage\":\"en-US\",\"potentialAction\":[{\"@type\":\"ReadAction\",\"target\":[\"https:\/\/by-rita.com\/les-artistes-de-la-cote\/\"]}]},{\"@type\":\"BreadcrumbList\",\"@id\":\"https:\/\/by-rita.com\/les-artistes-de-la-cote\/#breadcrumb\",\"itemListElement\":[{\"@type\":\"ListItem\",\"position\":1,\"name\":\"Accueil\",\"item\":\"https:\/\/by-rita.com\/en\/\"},{\"@type\":\"ListItem\",\"position\":2,\"name\":\"Les Artistes de la C\u00f4te\"}]},{\"@type\":\"WebSite\",\"@id\":\"https:\/\/by-rita.com\/#website\",\"url\":\"https:\/\/by-rita.com\/\",\"name\":\"Pascale Morin\",\"description\":\"By Rita <br> sculptures porcelaine\",\"publisher\":{\"@id\":\"https:\/\/by-rita.com\/#organization\"},\"potentialAction\":[{\"@type\":\"SearchAction\",\"target\":{\"@type\":\"EntryPoint\",\"urlTemplate\":\"https:\/\/by-rita.com\/?s={search_term_string}\"},\"query-input\":\"required name=search_term_string\"}],\"inLanguage\":\"en-US\"},{\"@type\":\"Organization\",\"@id\":\"https:\/\/by-rita.com\/#organization\",\"name\":\"Pascale Morin\",\"url\":\"https:\/\/by-rita.com\/\",\"logo\":{\"@type\":\"ImageObject\",\"inLanguage\":\"en-US\",\"@id\":\"https:\/\/by-rita.com\/#\/schema\/logo\/image\/\",\"url\":\"https:\/\/by-rita.com\/wp-content\/uploads\/2018\/05\/logo-pascale-morin-2018-horizontal-site-internet.jpg\",\"contentUrl\":\"https:\/\/by-rita.com\/wp-content\/uploads\/2018\/05\/logo-pascale-morin-2018-horizontal-site-internet.jpg\",\"width\":456,\"height\":130,\"caption\":\"Pascale Morin\"},\"image\":{\"@id\":\"https:\/\/by-rita.com\/#\/schema\/logo\/image\/\"}}]}<\/script>\n<!-- \/ Yoast SEO plugin. -->","yoast_head_json":{"title":"Les Artistes de la C\u00f4te - Pascale Morin","robots":{"index":"index","follow":"follow","max-snippet":"max-snippet:-1","max-image-preview":"max-image-preview:large","max-video-preview":"max-video-preview:-1"},"canonical":"https:\/\/by-rita.com\/les-artistes-de-la-cote\/","og_locale":"en_US","og_type":"article","og_title":"[:fr]Les Artistes de la C\u00f4te[:] - Pascale Morin","og_description":"[vc_row][vc_column][vc_empty_space height=&#8221;50px&#8221;][vc_column_text] LES ARTISTES DE LA C\u00d4TE [\/vc_column_text][\/vc_column][\/vc_row][vc_row][vc_column width=&#8221;1\/2&#8243; css=&#8221;.vc_custom_1720517044552{padding-right: 10% !important;}&#8221;][vc_single_image image=&#8221;1825&#8243; img_size=&#8221;498&#215;700&#8243;][\/vc_column][vc_column width=&#8221;1\/2&#8243; css=&#8221;.vc_custom_1720517141626{padding-top: 10% !important;padding-left: 10% !important;}&#8221;][vc_column_text]Nous sommes cinq amis artistes professionnels &#8211;\u00a0 graveurs taille-douce, c\u00e9ramiste, plasticienne, linograveuse &#8211; qui se sont r\u00e9unis pour cr\u00e9er ponctuellement des \u00e9v\u00e8nements artistiques tout a u long de l&#8217;ann\u00e9e. Notre objectif est de faire d\u00e9couvrir et Read More","og_url":"https:\/\/by-rita.com\/les-artistes-de-la-cote\/","og_site_name":"Pascale Morin","article_modified_time":"2024-07-18T16:44:43+00:00","twitter_card":"summary_large_image","twitter_misc":{"Est. reading time":"2 minutes"},"schema":{"@context":"https:\/\/schema.org","@graph":[{"@type":"WebPage","@id":"https:\/\/by-rita.com\/les-artistes-de-la-cote\/","url":"https:\/\/by-rita.com\/les-artistes-de-la-cote\/","name":"[:fr]Les Artistes de la C\u00f4te[:] - Pascale Morin","isPartOf":{"@id":"https:\/\/by-rita.com\/#website"},"datePublished":"2024-07-08T15:28:14+00:00","dateModified":"2024-07-18T16:44:43+00:00","breadcrumb":{"@id":"https:\/\/by-rita.com\/les-artistes-de-la-cote\/#breadcrumb"},"inLanguage":"en-US","potentialAction":[{"@type":"ReadAction","target":["https:\/\/by-rita.com\/les-artistes-de-la-cote\/"]}]},{"@type":"BreadcrumbList","@id":"https:\/\/by-rita.com\/les-artistes-de-la-cote\/#breadcrumb","itemListElement":[{"@type":"ListItem","position":1,"name":"Accueil","item":"https:\/\/by-rita.com\/en\/"},{"@type":"ListItem","position":2,"name":"Les Artistes de la C\u00f4te"}]},{"@type":"WebSite","@id":"https:\/\/by-rita.com\/#website","url":"https:\/\/by-rita.com\/","name":"Pascale Morin","description":"By Rita <br> sculptures porcelaine","publisher":{"@id":"https:\/\/by-rita.com\/#organization"},"potentialAction":[{"@type":"SearchAction","target":{"@type":"EntryPoint","urlTemplate":"https:\/\/by-rita.com\/?s={search_term_string}"},"query-input":"required name=search_term_string"}],"inLanguage":"en-US"},{"@type":"Organization","@id":"https:\/\/by-rita.com\/#organization","name":"Pascale Morin","url":"https:\/\/by-rita.com\/","logo":{"@type":"ImageObject","inLanguage":"en-US","@id":"https:\/\/by-rita.com\/#\/schema\/logo\/image\/","url":"https:\/\/by-rita.com\/wp-content\/uploads\/2018\/05\/logo-pascale-morin-2018-horizontal-site-internet.jpg","contentUrl":"https:\/\/by-rita.com\/wp-content\/uploads\/2018\/05\/logo-pascale-morin-2018-horizontal-site-internet.jpg","width":456,"height":130,"caption":"Pascale Morin"},"image":{"@id":"https:\/\/by-rita.com\/#\/schema\/logo\/image\/"}}]}},"_links":{"self":[{"href":"https:\/\/by-rita.com\/en\/wp-json\/wp\/v2\/pages\/1808"}],"collection":[{"href":"https:\/\/by-rita.com\/en\/wp-json\/wp\/v2\/pages"}],"about":[{"href":"https:\/\/by-rita.com\/en\/wp-json\/wp\/v2\/types\/page"}],"author":[{"embeddable":true,"href":"https:\/\/by-rita.com\/en\/wp-json\/wp\/v2\/users\/1"}],"replies":[{"embeddable":true,"href":"https:\/\/by-rita.com\/en\/wp-json\/wp\/v2\/comments?post=1808"}],"version-history":[{"count":32,"href":"https:\/\/by-rita.com\/en\/wp-json\/wp\/v2\/pages\/1808\/revisions"}],"predecessor-version":[{"id":1869,"href":"https:\/\/by-rita.com\/en\/wp-json\/wp\/v2\/pages\/1808\/revisions\/1869"}],"wp:attachment":[{"href":"https:\/\/by-rita.com\/en\/wp-json\/wp\/v2\/media?parent=1808"}],"curies":[{"name":"wp","href":"https:\/\/api.w.org\/{rel}","templated":true}]}}