{"id":1719,"date":"2023-02-13T17:57:37","date_gmt":"2023-02-13T16:57:37","guid":{"rendered":"https:\/\/by-rita.com\/?page_id=1719"},"modified":"2023-02-13T18:34:10","modified_gmt":"2023-02-13T17:34:10","slug":"empreinte","status":"publish","type":"page","link":"https:\/\/by-rita.com\/en\/sculpture-ceramique-contemporaine\/empreinte\/","title":{"rendered":"Imprint: textures, traces or scars; a way of observing our universe and our own nature\u2026"},"content":{"rendered":"<p>[vc_row][vc_column][vc_masonry_media_grid element_width=&#8221;3&#8243; item=&#8221;419&#8243; grid_id=&#8221;vc_gid:1676308168749-850bd120-2aa4-3&#8243; include=&#8221;1722,1716,1707,1710,1711,1295,1296,1297,1298,1300,1302,1721,351,341&#8243;][\/vc_column][\/vc_row]<\/p>\n","protected":false},"excerpt":{"rendered":"<p>[vc_row][vc_column][vc_masonry_media_grid element_width=&#8221;3&#8243; item=&#8221;419&#8243; grid_id=&#8221;vc_gid:1676308168749-850bd120-2aa4-3&#8243; include=&#8221;1722,1716,1707,1710,1711,1295,1296,1297,1298,1300,1302,1721,351,341&#8243;][\/vc_column][\/vc_row]<\/p>\n","protected":false},"author":1,"featured_media":919,"parent":153,"menu_order":0,"comment_status":"closed","ping_status":"closed","template":"","meta":[],"yoast_head":"<!-- This site is optimized with the Yoast SEO plugin v20.8 - https:\/\/yoast.com\/wordpress\/plugins\/seo\/ -->\n<title>Imprint: textures, traces or scars; a way of observing our universe and our own nature\u2026 - Pascale Morin<\/title>\n<meta name=\"description\" content=\"Go\u00fbter \u00e0 l\u2019ab\u00eeme des profondeurs, les r\u00e9cifs, l\u2019\u00e9clat des vagues, les embruns, le calme et l\u2019\u00e9nergie de l\u2019eau\u2026\" \/>\n<meta name=\"robots\" content=\"index, follow, max-snippet:-1, max-image-preview:large, max-video-preview:-1\" \/>\n<link rel=\"canonical\" href=\"https:\/\/by-rita.com\/en\/sculpture-ceramique-contemporaine\/empreinte\/\" \/>\n<meta property=\"og:locale\" content=\"en_US\" \/>\n<meta property=\"og:type\" content=\"article\" \/>\n<meta property=\"og:title\" content=\"Imprint: textures, traces or scars; a way of observing our universe and our own nature\u2026\" \/>\n<meta property=\"og:description\" content=\"Go\u00fbter \u00e0 l\u2019ab\u00eeme des profondeurs, les r\u00e9cifs, l\u2019\u00e9clat des vagues, les embruns, le calme et l\u2019\u00e9nergie de l\u2019eau\u2026\" \/>\n<meta property=\"og:url\" content=\"https:\/\/by-rita.com\/en\/sculpture-ceramique-contemporaine\/empreinte\/\" \/>\n<meta property=\"og:site_name\" content=\"Pascale Morin\" \/>\n<meta property=\"article:modified_time\" content=\"2023-02-13T17:34:10+00:00\" \/>\n<meta property=\"og:image\" content=\"https:\/\/by-rita.com\/wp-content\/uploads\/2018\/11\/IMG_0902-1.jpg\" \/>\n\t<meta property=\"og:image:width\" content=\"3024\" \/>\n\t<meta property=\"og:image:height\" content=\"3024\" \/>\n\t<meta property=\"og:image:type\" content=\"image\/jpeg\" \/>\n<meta name=\"twitter:card\" content=\"summary_large_image\" \/>\n<meta name=\"twitter:label1\" content=\"Est. reading time\" \/>\n\t<meta name=\"twitter:data1\" content=\"1 minute\" \/>\n<script type=\"application\/ld+json\" class=\"yoast-schema-graph\">{\"@context\":\"https:\/\/schema.org\",\"@graph\":[{\"@type\":\"WebPage\",\"@id\":\"https:\/\/by-rita.com\/en\/sculpture-ceramique-contemporaine\/empreinte\/\",\"url\":\"https:\/\/by-rita.com\/en\/sculpture-ceramique-contemporaine\/empreinte\/\",\"name\":\"[:en]Imprint: textures, traces or scars; a way of observing our universe and our own nature\u2026[:fr]Empreinte : textures, traces ou cicatrices ; une mani\u00e8re d&#039;observer notre univers et notre propre nature...[:] - Pascale Morin\",\"isPartOf\":{\"@id\":\"https:\/\/by-rita.com\/#website\"},\"datePublished\":\"2023-02-13T16:57:37+00:00\",\"dateModified\":\"2023-02-13T17:34:10+00:00\",\"description\":\"Go\u00fbter \u00e0 l\u2019ab\u00eeme des profondeurs, les r\u00e9cifs, l\u2019\u00e9clat des vagues, les embruns, le calme et l\u2019\u00e9nergie de l\u2019eau\u2026\",\"breadcrumb\":{\"@id\":\"https:\/\/by-rita.com\/en\/sculpture-ceramique-contemporaine\/empreinte\/#breadcrumb\"},\"inLanguage\":\"en-US\",\"potentialAction\":[{\"@type\":\"ReadAction\",\"target\":[\"https:\/\/by-rita.com\/en\/sculpture-ceramique-contemporaine\/empreinte\/\"]}]},{\"@type\":\"BreadcrumbList\",\"@id\":\"https:\/\/by-rita.com\/en\/sculpture-ceramique-contemporaine\/empreinte\/#breadcrumb\",\"itemListElement\":[{\"@type\":\"ListItem\",\"position\":1,\"name\":\"Accueil\",\"item\":\"https:\/\/by-rita.com\/en\/\"},{\"@type\":\"ListItem\",\"position\":2,\"name\":\"Cr\u00e9ations\",\"item\":\"https:\/\/by-rita.com\/en\/sculpture-ceramique-contemporaine\/\"},{\"@type\":\"ListItem\",\"position\":3,\"name\":\"Imprint: textures, traces or scars; a way of observing our universe and our own nature\u2026\"}]},{\"@type\":\"WebSite\",\"@id\":\"https:\/\/by-rita.com\/#website\",\"url\":\"https:\/\/by-rita.com\/\",\"name\":\"Pascale Morin\",\"description\":\"By Rita <br> sculptures porcelaine\",\"publisher\":{\"@id\":\"https:\/\/by-rita.com\/#organization\"},\"potentialAction\":[{\"@type\":\"SearchAction\",\"target\":{\"@type\":\"EntryPoint\",\"urlTemplate\":\"https:\/\/by-rita.com\/?s={search_term_string}\"},\"query-input\":\"required name=search_term_string\"}],\"inLanguage\":\"en-US\"},{\"@type\":\"Organization\",\"@id\":\"https:\/\/by-rita.com\/#organization\",\"name\":\"Pascale Morin\",\"url\":\"https:\/\/by-rita.com\/\",\"logo\":{\"@type\":\"ImageObject\",\"inLanguage\":\"en-US\",\"@id\":\"https:\/\/by-rita.com\/#\/schema\/logo\/image\/\",\"url\":\"https:\/\/by-rita.com\/wp-content\/uploads\/2018\/05\/logo-pascale-morin-2018-horizontal-site-internet.jpg\",\"contentUrl\":\"https:\/\/by-rita.com\/wp-content\/uploads\/2018\/05\/logo-pascale-morin-2018-horizontal-site-internet.jpg\",\"width\":456,\"height\":130,\"caption\":\"Pascale Morin\"},\"image\":{\"@id\":\"https:\/\/by-rita.com\/#\/schema\/logo\/image\/\"}}]}<\/script>\n<!-- \/ Yoast SEO plugin. -->","yoast_head_json":{"title":"Imprint: textures, traces or scars; a way of observing our universe and our own nature\u2026 - Pascale Morin","description":"Go\u00fbter \u00e0 l\u2019ab\u00eeme des profondeurs, les r\u00e9cifs, l\u2019\u00e9clat des vagues, les embruns, le calme et l\u2019\u00e9nergie de l\u2019eau\u2026","robots":{"index":"index","follow":"follow","max-snippet":"max-snippet:-1","max-image-preview":"max-image-preview:large","max-video-preview":"max-video-preview:-1"},"canonical":"https:\/\/by-rita.com\/en\/sculpture-ceramique-contemporaine\/empreinte\/","og_locale":"en_US","og_type":"article","og_title":"[:en]Imprint: textures, traces or scars; a way of observing our universe and our own nature\u2026[:fr]Empreinte : textures, traces ou cicatrices ; une mani\u00e8re d&#039;observer notre univers et notre propre nature...[:] - Pascale Morin","og_description":"Go\u00fbter \u00e0 l\u2019ab\u00eeme des profondeurs, les r\u00e9cifs, l\u2019\u00e9clat des vagues, les embruns, le calme et l\u2019\u00e9nergie de l\u2019eau\u2026","og_url":"https:\/\/by-rita.com\/en\/sculpture-ceramique-contemporaine\/empreinte\/","og_site_name":"Pascale Morin","article_modified_time":"2023-02-13T17:34:10+00:00","og_image":[{"width":3024,"height":3024,"url":"https:\/\/by-rita.com\/wp-content\/uploads\/2018\/11\/IMG_0902-1.jpg","type":"image\/jpeg"}],"twitter_card":"summary_large_image","twitter_misc":{"Est. reading time":"1 minute"},"schema":{"@context":"https:\/\/schema.org","@graph":[{"@type":"WebPage","@id":"https:\/\/by-rita.com\/en\/sculpture-ceramique-contemporaine\/empreinte\/","url":"https:\/\/by-rita.com\/en\/sculpture-ceramique-contemporaine\/empreinte\/","name":"[:en]Imprint: textures, traces or scars; a way of observing our universe and our own nature\u2026[:fr]Empreinte : textures, traces ou cicatrices ; une mani\u00e8re d&#039;observer notre univers et notre propre nature...[:] - Pascale Morin","isPartOf":{"@id":"https:\/\/by-rita.com\/#website"},"datePublished":"2023-02-13T16:57:37+00:00","dateModified":"2023-02-13T17:34:10+00:00","description":"Go\u00fbter \u00e0 l\u2019ab\u00eeme des profondeurs, les r\u00e9cifs, l\u2019\u00e9clat des vagues, les embruns, le calme et l\u2019\u00e9nergie de l\u2019eau\u2026","breadcrumb":{"@id":"https:\/\/by-rita.com\/en\/sculpture-ceramique-contemporaine\/empreinte\/#breadcrumb"},"inLanguage":"en-US","potentialAction":[{"@type":"ReadAction","target":["https:\/\/by-rita.com\/en\/sculpture-ceramique-contemporaine\/empreinte\/"]}]},{"@type":"BreadcrumbList","@id":"https:\/\/by-rita.com\/en\/sculpture-ceramique-contemporaine\/empreinte\/#breadcrumb","itemListElement":[{"@type":"ListItem","position":1,"name":"Accueil","item":"https:\/\/by-rita.com\/en\/"},{"@type":"ListItem","position":2,"name":"Cr\u00e9ations","item":"https:\/\/by-rita.com\/en\/sculpture-ceramique-contemporaine\/"},{"@type":"ListItem","position":3,"name":"Imprint: textures, traces or scars; a way of observing our universe and our own nature\u2026"}]},{"@type":"WebSite","@id":"https:\/\/by-rita.com\/#website","url":"https:\/\/by-rita.com\/","name":"Pascale Morin","description":"By Rita <br> sculptures porcelaine","publisher":{"@id":"https:\/\/by-rita.com\/#organization"},"potentialAction":[{"@type":"SearchAction","target":{"@type":"EntryPoint","urlTemplate":"https:\/\/by-rita.com\/?s={search_term_string}"},"query-input":"required name=search_term_string"}],"inLanguage":"en-US"},{"@type":"Organization","@id":"https:\/\/by-rita.com\/#organization","name":"Pascale Morin","url":"https:\/\/by-rita.com\/","logo":{"@type":"ImageObject","inLanguage":"en-US","@id":"https:\/\/by-rita.com\/#\/schema\/logo\/image\/","url":"https:\/\/by-rita.com\/wp-content\/uploads\/2018\/05\/logo-pascale-morin-2018-horizontal-site-internet.jpg","contentUrl":"https:\/\/by-rita.com\/wp-content\/uploads\/2018\/05\/logo-pascale-morin-2018-horizontal-site-internet.jpg","width":456,"height":130,"caption":"Pascale Morin"},"image":{"@id":"https:\/\/by-rita.com\/#\/schema\/logo\/image\/"}}]}},"_links":{"self":[{"href":"https:\/\/by-rita.com\/en\/wp-json\/wp\/v2\/pages\/1719"}],"collection":[{"href":"https:\/\/by-rita.com\/en\/wp-json\/wp\/v2\/pages"}],"about":[{"href":"https:\/\/by-rita.com\/en\/wp-json\/wp\/v2\/types\/page"}],"author":[{"embeddable":true,"href":"https:\/\/by-rita.com\/en\/wp-json\/wp\/v2\/users\/1"}],"replies":[{"embeddable":true,"href":"https:\/\/by-rita.com\/en\/wp-json\/wp\/v2\/comments?post=1719"}],"version-history":[{"count":5,"href":"https:\/\/by-rita.com\/en\/wp-json\/wp\/v2\/pages\/1719\/revisions"}],"predecessor-version":[{"id":1729,"href":"https:\/\/by-rita.com\/en\/wp-json\/wp\/v2\/pages\/1719\/revisions\/1729"}],"up":[{"embeddable":true,"href":"https:\/\/by-rita.com\/en\/wp-json\/wp\/v2\/pages\/153"}],"wp:featuredmedia":[{"embeddable":true,"href":"https:\/\/by-rita.com\/en\/wp-json\/wp\/v2\/media\/919"}],"wp:attachment":[{"href":"https:\/\/by-rita.com\/en\/wp-json\/wp\/v2\/media?parent=1719"}],"curies":[{"name":"wp","href":"https:\/\/api.w.org\/{rel}","templated":true}]}}