{"id":153,"date":"2018-04-11T11:44:27","date_gmt":"2018-04-11T09:44:27","guid":{"rendered":"https:\/\/by-rita.com?page_id=153"},"modified":"2018-11-23T15:59:59","modified_gmt":"2018-11-23T14:59:59","slug":"sculpture-ceramique-contemporaine","status":"publish","type":"page","link":"https:\/\/by-rita.com\/en\/sculpture-ceramique-contemporaine\/","title":{"rendered":"Cr\u00e9ations"},"content":{"rendered":"<p>[vc_row][vc_column][vc_basic_grid post_type=&#8221;ids&#8221; element_width=&#8221;6&#8243; item=&#8221;414&#8243; grid_id=&#8221;vc_gid:1536579726811-bfe5928b-f933-1&#8243; include=&#8221;375, 360, 318, 423&#8243;][\/vc_column][\/vc_row]<\/p>\n","protected":false},"excerpt":{"rendered":"<p>[vc_row][vc_column][vc_basic_grid post_type=&#8221;ids&#8221; element_width=&#8221;6&#8243; item=&#8221;414&#8243; grid_id=&#8221;vc_gid:1536579726811-bfe5928b-f933-1&#8243; include=&#8221;375, 360, 318, 423&#8243;][\/vc_column][\/vc_row]<\/p>\n","protected":false},"author":1,"featured_media":0,"parent":0,"menu_order":0,"comment_status":"closed","ping_status":"closed","template":"","meta":[],"yoast_head":"<!-- This site is optimized with the Yoast SEO plugin v20.8 - https:\/\/yoast.com\/wordpress\/plugins\/seo\/ -->\n<title>sculpture c\u00e9ramique contemporaine de l&#039;artiste Pascale Morin - By-Rita<\/title>\n<meta name=\"description\" content=\"D\u00e9couvrez les sculptures de l&#039;artiste c\u00e9ramiste Pascale Morin-By-Rita, qui travaille la porcelaine, entre min\u00e9ral et v\u00e8g\u00e9tal\" \/>\n<meta name=\"robots\" content=\"index, follow, max-snippet:-1, max-image-preview:large, max-video-preview:-1\" \/>\n<link rel=\"canonical\" href=\"https:\/\/by-rita.com\/en\/sculpture-ceramique-contemporaine\/\" \/>\n<meta property=\"og:locale\" content=\"en_US\" \/>\n<meta property=\"og:type\" content=\"article\" \/>\n<meta property=\"og:title\" content=\"sculpture c\u00e9ramique contemporaine de l&#039;artiste Pascale Morin - By-Rita\" \/>\n<meta property=\"og:description\" content=\"D\u00e9couvrez les sculptures de l&#039;artiste c\u00e9ramiste Pascale Morin-By-Rita, qui travaille la porcelaine, entre min\u00e9ral et v\u00e8g\u00e9tal\" \/>\n<meta property=\"og:url\" content=\"https:\/\/by-rita.com\/en\/sculpture-ceramique-contemporaine\/\" \/>\n<meta property=\"og:site_name\" content=\"Pascale Morin\" \/>\n<meta property=\"article:modified_time\" content=\"2018-11-23T14:59:59+00:00\" \/>\n<meta name=\"twitter:card\" content=\"summary_large_image\" \/>\n<script type=\"application\/ld+json\" class=\"yoast-schema-graph\">{\"@context\":\"https:\/\/schema.org\",\"@graph\":[{\"@type\":\"WebPage\",\"@id\":\"https:\/\/by-rita.com\/en\/sculpture-ceramique-contemporaine\/\",\"url\":\"https:\/\/by-rita.com\/en\/sculpture-ceramique-contemporaine\/\",\"name\":\"sculpture c\u00e9ramique contemporaine de l'artiste Pascale Morin - By-Rita\",\"isPartOf\":{\"@id\":\"https:\/\/by-rita.com\/#website\"},\"datePublished\":\"2018-04-11T09:44:27+00:00\",\"dateModified\":\"2018-11-23T14:59:59+00:00\",\"description\":\"D\u00e9couvrez les sculptures de l'artiste c\u00e9ramiste Pascale Morin-By-Rita, qui travaille la porcelaine, entre min\u00e9ral et v\u00e8g\u00e9tal\",\"breadcrumb\":{\"@id\":\"https:\/\/by-rita.com\/en\/sculpture-ceramique-contemporaine\/#breadcrumb\"},\"inLanguage\":\"en-US\",\"potentialAction\":[{\"@type\":\"ReadAction\",\"target\":[\"https:\/\/by-rita.com\/en\/sculpture-ceramique-contemporaine\/\"]}]},{\"@type\":\"BreadcrumbList\",\"@id\":\"https:\/\/by-rita.com\/en\/sculpture-ceramique-contemporaine\/#breadcrumb\",\"itemListElement\":[{\"@type\":\"ListItem\",\"position\":1,\"name\":\"Accueil\",\"item\":\"https:\/\/by-rita.com\/en\/\"},{\"@type\":\"ListItem\",\"position\":2,\"name\":\"Cr\u00e9ations\"}]},{\"@type\":\"WebSite\",\"@id\":\"https:\/\/by-rita.com\/#website\",\"url\":\"https:\/\/by-rita.com\/\",\"name\":\"Pascale Morin\",\"description\":\"By Rita <br> sculptures porcelaine\",\"publisher\":{\"@id\":\"https:\/\/by-rita.com\/#organization\"},\"potentialAction\":[{\"@type\":\"SearchAction\",\"target\":{\"@type\":\"EntryPoint\",\"urlTemplate\":\"https:\/\/by-rita.com\/?s={search_term_string}\"},\"query-input\":\"required name=search_term_string\"}],\"inLanguage\":\"en-US\"},{\"@type\":\"Organization\",\"@id\":\"https:\/\/by-rita.com\/#organization\",\"name\":\"Pascale Morin\",\"url\":\"https:\/\/by-rita.com\/\",\"logo\":{\"@type\":\"ImageObject\",\"inLanguage\":\"en-US\",\"@id\":\"https:\/\/by-rita.com\/#\/schema\/logo\/image\/\",\"url\":\"https:\/\/by-rita.com\/wp-content\/uploads\/2018\/05\/logo-pascale-morin-2018-horizontal-site-internet.jpg\",\"contentUrl\":\"https:\/\/by-rita.com\/wp-content\/uploads\/2018\/05\/logo-pascale-morin-2018-horizontal-site-internet.jpg\",\"width\":456,\"height\":130,\"caption\":\"Pascale Morin\"},\"image\":{\"@id\":\"https:\/\/by-rita.com\/#\/schema\/logo\/image\/\"}}]}<\/script>\n<!-- \/ Yoast SEO plugin. -->","yoast_head_json":{"title":"sculpture c\u00e9ramique contemporaine de l'artiste Pascale Morin - By-Rita","description":"D\u00e9couvrez les sculptures de l'artiste c\u00e9ramiste Pascale Morin-By-Rita, qui travaille la porcelaine, entre min\u00e9ral et v\u00e8g\u00e9tal","robots":{"index":"index","follow":"follow","max-snippet":"max-snippet:-1","max-image-preview":"max-image-preview:large","max-video-preview":"max-video-preview:-1"},"canonical":"https:\/\/by-rita.com\/en\/sculpture-ceramique-contemporaine\/","og_locale":"en_US","og_type":"article","og_title":"sculpture c\u00e9ramique contemporaine de l'artiste Pascale Morin - By-Rita","og_description":"D\u00e9couvrez les sculptures de l'artiste c\u00e9ramiste Pascale Morin-By-Rita, qui travaille la porcelaine, entre min\u00e9ral et v\u00e8g\u00e9tal","og_url":"https:\/\/by-rita.com\/en\/sculpture-ceramique-contemporaine\/","og_site_name":"Pascale Morin","article_modified_time":"2018-11-23T14:59:59+00:00","twitter_card":"summary_large_image","schema":{"@context":"https:\/\/schema.org","@graph":[{"@type":"WebPage","@id":"https:\/\/by-rita.com\/en\/sculpture-ceramique-contemporaine\/","url":"https:\/\/by-rita.com\/en\/sculpture-ceramique-contemporaine\/","name":"sculpture c\u00e9ramique contemporaine de l'artiste Pascale Morin - By-Rita","isPartOf":{"@id":"https:\/\/by-rita.com\/#website"},"datePublished":"2018-04-11T09:44:27+00:00","dateModified":"2018-11-23T14:59:59+00:00","description":"D\u00e9couvrez les sculptures de l'artiste c\u00e9ramiste Pascale Morin-By-Rita, qui travaille la porcelaine, entre min\u00e9ral et v\u00e8g\u00e9tal","breadcrumb":{"@id":"https:\/\/by-rita.com\/en\/sculpture-ceramique-contemporaine\/#breadcrumb"},"inLanguage":"en-US","potentialAction":[{"@type":"ReadAction","target":["https:\/\/by-rita.com\/en\/sculpture-ceramique-contemporaine\/"]}]},{"@type":"BreadcrumbList","@id":"https:\/\/by-rita.com\/en\/sculpture-ceramique-contemporaine\/#breadcrumb","itemListElement":[{"@type":"ListItem","position":1,"name":"Accueil","item":"https:\/\/by-rita.com\/en\/"},{"@type":"ListItem","position":2,"name":"Cr\u00e9ations"}]},{"@type":"WebSite","@id":"https:\/\/by-rita.com\/#website","url":"https:\/\/by-rita.com\/","name":"Pascale Morin","description":"By Rita <br> sculptures porcelaine","publisher":{"@id":"https:\/\/by-rita.com\/#organization"},"potentialAction":[{"@type":"SearchAction","target":{"@type":"EntryPoint","urlTemplate":"https:\/\/by-rita.com\/?s={search_term_string}"},"query-input":"required name=search_term_string"}],"inLanguage":"en-US"},{"@type":"Organization","@id":"https:\/\/by-rita.com\/#organization","name":"Pascale Morin","url":"https:\/\/by-rita.com\/","logo":{"@type":"ImageObject","inLanguage":"en-US","@id":"https:\/\/by-rita.com\/#\/schema\/logo\/image\/","url":"https:\/\/by-rita.com\/wp-content\/uploads\/2018\/05\/logo-pascale-morin-2018-horizontal-site-internet.jpg","contentUrl":"https:\/\/by-rita.com\/wp-content\/uploads\/2018\/05\/logo-pascale-morin-2018-horizontal-site-internet.jpg","width":456,"height":130,"caption":"Pascale Morin"},"image":{"@id":"https:\/\/by-rita.com\/#\/schema\/logo\/image\/"}}]}},"_links":{"self":[{"href":"https:\/\/by-rita.com\/en\/wp-json\/wp\/v2\/pages\/153"}],"collection":[{"href":"https:\/\/by-rita.com\/en\/wp-json\/wp\/v2\/pages"}],"about":[{"href":"https:\/\/by-rita.com\/en\/wp-json\/wp\/v2\/types\/page"}],"author":[{"embeddable":true,"href":"https:\/\/by-rita.com\/en\/wp-json\/wp\/v2\/users\/1"}],"replies":[{"embeddable":true,"href":"https:\/\/by-rita.com\/en\/wp-json\/wp\/v2\/comments?post=153"}],"version-history":[{"count":26,"href":"https:\/\/by-rita.com\/en\/wp-json\/wp\/v2\/pages\/153\/revisions"}],"predecessor-version":[{"id":174,"href":"https:\/\/by-rita.com\/en\/wp-json\/wp\/v2\/pages\/153\/revisions\/174"}],"wp:attachment":[{"href":"https:\/\/by-rita.com\/en\/wp-json\/wp\/v2\/media?parent=153"}],"curies":[{"name":"wp","href":"https:\/\/api.w.org\/{rel}","templated":true}]}}