{"id":1256,"date":"2021-01-11T15:34:19","date_gmt":"2021-01-11T14:34:19","guid":{"rendered":"https:\/\/by-rita.com\/?page_id=1256"},"modified":"2021-01-11T16:05:21","modified_gmt":"2021-01-11T15:05:21","slug":"univers-expositions-v2","status":"publish","type":"page","link":"https:\/\/by-rita.com\/en\/univers-expositions-v2\/","title":{"rendered":"Univers\/Exhibitions"},"content":{"rendered":"<p>[vc_row content_placement=&#8221;middle&#8221;][vc_column width=&#8221;1\/3&#8243;][vc_single_image image=&#8221;820&#8243; img_size=&#8221;200&#215;300&#8243; alignment=&#8221;center&#8221;][\/vc_column][vc_column width=&#8221;2\/3&#8243;][vc_column_text]\u00abStill inspired by nature, between vegetal and mineral. I\u2019m moving closer to nature and I feel I need to understand what it\u2019s made of, its rhythms, its vitality, but in the same time, its degeneration. I\u2019m looking for movement, the breeze, rain imprints, the heat of the sun, the brightness of waves, sea spray, the hardness and suppleness of the earth, the stillness of water and its energy. I am looking for, searching for, the emotion of living things.\u00bb[\/vc_column_text][\/vc_column][\/vc_row][vc_row][vc_column][vc_separator style=&#8221;double&#8221; border_width=&#8221;2&#8243;][\/vc_column][\/vc_row][vc_row equal_height=&#8221;yes&#8221;][vc_column width=&#8221;1\/3&#8243;][vc_column_text]<strong>Where do my creations come from?<\/strong><\/p>\n<p>They start with a feeling, a vision of something, a detail, a thought, a word, a sound, even a breath of air. Everything is soft, furtive; thoughts abound, intensify, run, move around. They are in the back of my mind Ready to surface whenever they are, always suddenly, always instantly.<br \/>\nOne idea, one image leads to another even more detailled and other thoughts, textures, scents or smells, a feast for the senses waken ; effervescence takes over, and I experience a states of wonder strong enough powerful, enough to wake me up , make me stop doing everything else in order to draw those imaginary moments, which are creative, stimulating, exciting and a little frightening by their power, their liveliness. It&#8217;s the current of a wave that is coming from far, pulling everything with it a flowing memory and then breaking on the shore violently or peacefully but always concentrated.<br \/>\nCreation starts here.[\/vc_column_text][\/vc_column][vc_column width=&#8221;1\/3&#8243;][vc_single_image image=&#8221;823&#8243; img_size=&#8221;full&#8221;][\/vc_column][vc_column width=&#8221;1\/3&#8243;][vc_single_image image=&#8221;828&#8243; img_size=&#8221;full&#8221;][\/vc_column][\/vc_row][vc_row][vc_column][vc_separator style=&#8221;double&#8221; border_width=&#8221;2&#8243;][\/vc_column][\/vc_row][vc_row equal_height=&#8221;yes&#8221;][vc_column width=&#8221;1\/3&#8243;][vc_column_text]<strong>The clay and me.<\/strong><\/p>\n<p>And this idea, this sensation materializes on paper, any paper, a notebook, the last pages of a book, a shopping list or a little Metro ticket; but the urgency is there.<br \/>\nI don&#8217;t want to forget it, I have to draw a few pencil strokes without erasing them.<br \/>\nIt is the very first rough draft, an imprint. It&#8217;s the begining, probably a new piece to be born. I keep it in me somewhere, always at the back of my mind. It has already left its imprint.<br \/>\nThen the day comes, when, in front of my table, the idea has to sprout, grow, bloom, Become. The impatience is still there, to such an extent that I always take a loaf of clay with me during my stays in Brittany in case the idea suddenly flows from my fingertips.<br \/>\nSeated at my table, my boards and my small tools at hand , two bowls, one with water and the other with slurry on my right side, no, on my left, under the lights of my two workshop lamps, I get to work, to the sounds of my music always there. It&#8217;s a magic moment, alone in front of this humid loaf of clay, my drawing not so far away, just in case, but I&#8217;m not looking at it. That&#8217;s how this greige loaf of clay, humid and smelly for some, taken out of its plastic, comes to life.My hands, my fingers, my arms seem guided. I create my piece, I give it its shape, I mold and pummel it, scratch it and even tear it up. It&#8217;s soft, sometimes joyous, happy or even violent, brutal.<br \/>\nWe know each other very well. The clay is just as alive as I am, but sometimes with a nasty temper. If I don&#8217;t respect it, it&#8217;ll have its own way maybe even take revenge!<br \/>\nIt&#8217;s a dialogue, a conversation between the two of us.<br \/>\nThis clay acts a lot like me&#8230;[\/vc_column_text][\/vc_column][vc_column width=&#8221;1\/3&#8243;][vc_single_image image=&#8221;370&#8243; img_size=&#8221;full&#8221;][vc_single_image image=&#8221;740&#8243; img_size=&#8221;full&#8221;][\/vc_column][vc_column width=&#8221;1\/3&#8243;][vc_single_image image=&#8221;382&#8243; img_size=&#8221;full&#8221;][vc_single_image image=&#8221;336&#8243; img_size=&#8221;full&#8221;][\/vc_column][\/vc_row][vc_row][vc_column][vc_text_separator title=&#8221;EXHIBITIONS&#8221; title_align=&#8221;separator_align_left&#8221; align=&#8221;align_left&#8221; color=&#8221;blue&#8221;][\/vc_column][\/vc_row][vc_row][vc_column][vc_column_text]<strong>Exposition d\u2019un \u00abnichoir\u00bb s\u00e9lection prix Expression Terre Ecole d\u2019Art de Douai<\/strong><br \/>\n<strong>World Craft Council &#8211; Mons &#8211; Belgique <\/strong><br \/>\n<strong>Mus\u00e9e \u00abLa Piscine de Roubaix\u00bb<\/strong><br \/>\n<strong>JEMA &#8211; Journ\u00e9es Europ\u00e9enne des m\u00e9tiers d\u2019art<\/strong><br \/>\n<strong>Galerie Maison Parisienne &#8211; Ancienne Nonciature &#8211; Bruxelles<\/strong><br \/>\n<strong>Pavillon Dauphine &#8211; Paris<\/strong><br \/>\n<strong>Galerie Maison Parisienne &#8211; Maison Assouline &#8211; Londres<\/strong><br \/>\n<strong>MAC-Paris-Paris<\/strong><br \/>\n<strong>Talents Etoile &#8211; Paris<\/strong><br \/>\n<strong>Galerie Maison Parisienne- Plaza Ath\u00e8n\u00e9e &#8211; Paris<\/strong><br \/>\n<strong>Exposition \u00abBoutons\u00bb Galerie Hayazaki &#8211; Paris<\/strong><br \/>\n<strong>Exposition Parisartistes# &#8211; Maison de l\u2019architecture &#8211; Place des Vosges-Parsi<\/strong><br \/>\n<strong>Journ\u00e9es Nationales de la C\u00e9ramique<\/strong><br \/>\n<strong>Mac Paris<\/strong><br \/>\n<strong>Galerie L\u2019Atelier AAF-viaduc des arts &#8211; Exposition Fragments &#8211; Paris<\/strong><br \/>\n<strong>Prix de la c\u00e9ramique de petite\u00a0forme \u00ab\u00a0cloches, clochettes et grelots\u00a0\u00bb, S\u00e9lection Expression Terre Ecole d\u2019art de Douai <\/strong><br \/>\n<strong>Mus\u00e9e La Piscine de Roubaix en 2017<\/strong><br \/>\n<strong>R\u00e9v\u00e9lations Biennale Internationale des M\u00e9tiers d\u2019art et de la cr\u00e9ation &#8211; Grand Palais &#8211; Paris.<\/strong><br \/>\n<strong>Galerie Lionelle Courbet exposition <\/strong><br \/>\n<strong>Exposition ANNE WILLI &#8211; PARIS 6 <\/strong><br \/>\n<strong>GALERIE ART\u2019COURSE -STRASBOURG<\/strong><br \/>\n<strong>Biennale de la C\u00e9ramique Internationale Contemporaine &#8211; ART CERAM &#8211; SEVRES<\/strong><br \/>\n<strong>GALERIE ISABELLE DELANNOY &#8211; March\u00e9 Dauphine St Ouen<\/strong>[\/vc_column_text][\/vc_column][\/vc_row]<\/p>\n","protected":false},"excerpt":{"rendered":"<p>[vc_row content_placement=&#8221;middle&#8221;][vc_column width=&#8221;1\/3&#8243;][vc_single_image image=&#8221;820&#8243; img_size=&#8221;200&#215;300&#8243; alignment=&#8221;center&#8221;][\/vc_column][vc_column width=&#8221;2\/3&#8243;][vc_column_text]\u00abStill inspired by nature, between vegetal and mineral. I\u2019m moving closer to nature and I feel I need to understand what it\u2019s made of, its rhythms, its vitality, but in the same time, its degeneration. I\u2019m looking for movement, the breeze, rain imprints, the heat of the sun, the <a class=\"read-more\" href=\"https:\/\/by-rita.com\/en\/univers-expositions-v2\/\">Read More<\/a><\/p>\n","protected":false},"author":1,"featured_media":0,"parent":0,"menu_order":0,"comment_status":"closed","ping_status":"closed","template":"","meta":[],"yoast_head":"<!-- This site is optimized with the Yoast SEO plugin v20.8 - https:\/\/yoast.com\/wordpress\/plugins\/seo\/ -->\n<title>Univers de l&#039;artiste Pascale Morin - By-Rita artiste c\u00e9ramique porcelaine<\/title>\n<meta name=\"description\" content=\"D\u00e9couvrez l&#039;univers de Pascale Morin By-Rita, artiste, c\u00e9ramiste, elle cr\u00e9e des sculptures en porcelaine inspir\u00e9e par la nature entre min\u00e9ral et v\u00e9g\u00e9tale.\" \/>\n<meta name=\"robots\" content=\"index, follow, max-snippet:-1, max-image-preview:large, max-video-preview:-1\" \/>\n<link rel=\"canonical\" href=\"https:\/\/by-rita.com\/en\/univers-expositions-v2\/\" \/>\n<meta property=\"og:locale\" content=\"en_US\" \/>\n<meta property=\"og:type\" content=\"article\" \/>\n<meta property=\"og:title\" content=\"Univers de l&#039;artiste Pascale Morin - By-Rita artiste c\u00e9ramique porcelaine\" \/>\n<meta property=\"og:description\" content=\"D\u00e9couvrez l&#039;univers de Pascale Morin By-Rita, artiste, c\u00e9ramiste, elle cr\u00e9e des sculptures en porcelaine inspir\u00e9e par la nature entre min\u00e9ral et v\u00e9g\u00e9tale.\" \/>\n<meta property=\"og:url\" content=\"https:\/\/by-rita.com\/en\/univers-expositions-v2\/\" \/>\n<meta property=\"og:site_name\" content=\"Pascale Morin\" \/>\n<meta property=\"article:modified_time\" content=\"2021-01-11T15:05:21+00:00\" \/>\n<meta name=\"twitter:card\" content=\"summary_large_image\" \/>\n<meta name=\"twitter:label1\" content=\"Est. reading time\" \/>\n\t<meta name=\"twitter:data1\" content=\"12 minutes\" \/>\n<script type=\"application\/ld+json\" class=\"yoast-schema-graph\">{\"@context\":\"https:\/\/schema.org\",\"@graph\":[{\"@type\":\"WebPage\",\"@id\":\"https:\/\/by-rita.com\/en\/univers-expositions-v2\/\",\"url\":\"https:\/\/by-rita.com\/en\/univers-expositions-v2\/\",\"name\":\"Univers de l'artiste Pascale Morin - By-Rita artiste c\u00e9ramique porcelaine\",\"isPartOf\":{\"@id\":\"https:\/\/by-rita.com\/#website\"},\"datePublished\":\"2021-01-11T14:34:19+00:00\",\"dateModified\":\"2021-01-11T15:05:21+00:00\",\"description\":\"D\u00e9couvrez l'univers de Pascale Morin By-Rita, artiste, c\u00e9ramiste, elle cr\u00e9e des sculptures en porcelaine inspir\u00e9e par la nature entre min\u00e9ral et v\u00e9g\u00e9tale.\",\"breadcrumb\":{\"@id\":\"https:\/\/by-rita.com\/en\/univers-expositions-v2\/#breadcrumb\"},\"inLanguage\":\"en-US\",\"potentialAction\":[{\"@type\":\"ReadAction\",\"target\":[\"https:\/\/by-rita.com\/en\/univers-expositions-v2\/\"]}]},{\"@type\":\"BreadcrumbList\",\"@id\":\"https:\/\/by-rita.com\/en\/univers-expositions-v2\/#breadcrumb\",\"itemListElement\":[{\"@type\":\"ListItem\",\"position\":1,\"name\":\"Accueil\",\"item\":\"https:\/\/by-rita.com\/en\/\"},{\"@type\":\"ListItem\",\"position\":2,\"name\":\"Univers\/Exhibitions\"}]},{\"@type\":\"WebSite\",\"@id\":\"https:\/\/by-rita.com\/#website\",\"url\":\"https:\/\/by-rita.com\/\",\"name\":\"Pascale Morin\",\"description\":\"By Rita <br> sculptures porcelaine\",\"publisher\":{\"@id\":\"https:\/\/by-rita.com\/#organization\"},\"potentialAction\":[{\"@type\":\"SearchAction\",\"target\":{\"@type\":\"EntryPoint\",\"urlTemplate\":\"https:\/\/by-rita.com\/?s={search_term_string}\"},\"query-input\":\"required name=search_term_string\"}],\"inLanguage\":\"en-US\"},{\"@type\":\"Organization\",\"@id\":\"https:\/\/by-rita.com\/#organization\",\"name\":\"Pascale Morin\",\"url\":\"https:\/\/by-rita.com\/\",\"logo\":{\"@type\":\"ImageObject\",\"inLanguage\":\"en-US\",\"@id\":\"https:\/\/by-rita.com\/#\/schema\/logo\/image\/\",\"url\":\"https:\/\/by-rita.com\/wp-content\/uploads\/2018\/05\/logo-pascale-morin-2018-horizontal-site-internet.jpg\",\"contentUrl\":\"https:\/\/by-rita.com\/wp-content\/uploads\/2018\/05\/logo-pascale-morin-2018-horizontal-site-internet.jpg\",\"width\":456,\"height\":130,\"caption\":\"Pascale Morin\"},\"image\":{\"@id\":\"https:\/\/by-rita.com\/#\/schema\/logo\/image\/\"}}]}<\/script>\n<!-- \/ Yoast SEO plugin. -->","yoast_head_json":{"title":"Univers de l'artiste Pascale Morin - By-Rita artiste c\u00e9ramique porcelaine","description":"D\u00e9couvrez l'univers de Pascale Morin By-Rita, artiste, c\u00e9ramiste, elle cr\u00e9e des sculptures en porcelaine inspir\u00e9e par la nature entre min\u00e9ral et v\u00e9g\u00e9tale.","robots":{"index":"index","follow":"follow","max-snippet":"max-snippet:-1","max-image-preview":"max-image-preview:large","max-video-preview":"max-video-preview:-1"},"canonical":"https:\/\/by-rita.com\/en\/univers-expositions-v2\/","og_locale":"en_US","og_type":"article","og_title":"Univers de l'artiste Pascale Morin - By-Rita artiste c\u00e9ramique porcelaine","og_description":"D\u00e9couvrez l'univers de Pascale Morin By-Rita, artiste, c\u00e9ramiste, elle cr\u00e9e des sculptures en porcelaine inspir\u00e9e par la nature entre min\u00e9ral et v\u00e9g\u00e9tale.","og_url":"https:\/\/by-rita.com\/en\/univers-expositions-v2\/","og_site_name":"Pascale Morin","article_modified_time":"2021-01-11T15:05:21+00:00","twitter_card":"summary_large_image","twitter_misc":{"Est. reading time":"12 minutes"},"schema":{"@context":"https:\/\/schema.org","@graph":[{"@type":"WebPage","@id":"https:\/\/by-rita.com\/en\/univers-expositions-v2\/","url":"https:\/\/by-rita.com\/en\/univers-expositions-v2\/","name":"Univers de l'artiste Pascale Morin - By-Rita artiste c\u00e9ramique porcelaine","isPartOf":{"@id":"https:\/\/by-rita.com\/#website"},"datePublished":"2021-01-11T14:34:19+00:00","dateModified":"2021-01-11T15:05:21+00:00","description":"D\u00e9couvrez l'univers de Pascale Morin By-Rita, artiste, c\u00e9ramiste, elle cr\u00e9e des sculptures en porcelaine inspir\u00e9e par la nature entre min\u00e9ral et v\u00e9g\u00e9tale.","breadcrumb":{"@id":"https:\/\/by-rita.com\/en\/univers-expositions-v2\/#breadcrumb"},"inLanguage":"en-US","potentialAction":[{"@type":"ReadAction","target":["https:\/\/by-rita.com\/en\/univers-expositions-v2\/"]}]},{"@type":"BreadcrumbList","@id":"https:\/\/by-rita.com\/en\/univers-expositions-v2\/#breadcrumb","itemListElement":[{"@type":"ListItem","position":1,"name":"Accueil","item":"https:\/\/by-rita.com\/en\/"},{"@type":"ListItem","position":2,"name":"Univers\/Exhibitions"}]},{"@type":"WebSite","@id":"https:\/\/by-rita.com\/#website","url":"https:\/\/by-rita.com\/","name":"Pascale Morin","description":"By Rita <br> sculptures porcelaine","publisher":{"@id":"https:\/\/by-rita.com\/#organization"},"potentialAction":[{"@type":"SearchAction","target":{"@type":"EntryPoint","urlTemplate":"https:\/\/by-rita.com\/?s={search_term_string}"},"query-input":"required name=search_term_string"}],"inLanguage":"en-US"},{"@type":"Organization","@id":"https:\/\/by-rita.com\/#organization","name":"Pascale Morin","url":"https:\/\/by-rita.com\/","logo":{"@type":"ImageObject","inLanguage":"en-US","@id":"https:\/\/by-rita.com\/#\/schema\/logo\/image\/","url":"https:\/\/by-rita.com\/wp-content\/uploads\/2018\/05\/logo-pascale-morin-2018-horizontal-site-internet.jpg","contentUrl":"https:\/\/by-rita.com\/wp-content\/uploads\/2018\/05\/logo-pascale-morin-2018-horizontal-site-internet.jpg","width":456,"height":130,"caption":"Pascale Morin"},"image":{"@id":"https:\/\/by-rita.com\/#\/schema\/logo\/image\/"}}]}},"_links":{"self":[{"href":"https:\/\/by-rita.com\/en\/wp-json\/wp\/v2\/pages\/1256"}],"collection":[{"href":"https:\/\/by-rita.com\/en\/wp-json\/wp\/v2\/pages"}],"about":[{"href":"https:\/\/by-rita.com\/en\/wp-json\/wp\/v2\/types\/page"}],"author":[{"embeddable":true,"href":"https:\/\/by-rita.com\/en\/wp-json\/wp\/v2\/users\/1"}],"replies":[{"embeddable":true,"href":"https:\/\/by-rita.com\/en\/wp-json\/wp\/v2\/comments?post=1256"}],"version-history":[{"count":14,"href":"https:\/\/by-rita.com\/en\/wp-json\/wp\/v2\/pages\/1256\/revisions"}],"predecessor-version":[{"id":1272,"href":"https:\/\/by-rita.com\/en\/wp-json\/wp\/v2\/pages\/1256\/revisions\/1272"}],"wp:attachment":[{"href":"https:\/\/by-rita.com\/en\/wp-json\/wp\/v2\/media?parent=1256"}],"curies":[{"name":"wp","href":"https:\/\/api.w.org\/{rel}","templated":true}]}}